{"id":673,"date":"2013-06-07T10:43:23","date_gmt":"2013-06-07T10:43:23","guid":{"rendered":"http:\/\/preview.ait-themes.com\/drivingschool\/wp1\/?page_id=2"},"modified":"2021-04-01T11:43:26","modified_gmt":"2021-04-01T10:43:26","slug":"sample-page-2","status":"publish","type":"page","link":"https:\/\/autoskolasport.hr\/","title":{"rendered":"Homepage"},"content":{"rendered":"<h1>Kako do voza\u010dke dozvole?<\/h1>\n<h3>Za po\u010detak trebate oti\u0107i kod obiteljskog lije\u010dnika koji Vam izdaje potvrdu, zatim u ovla\u0161tenu zdravstvenu ustanovu gdje \u0107ete izvaditi lije\u010dni\u010dko uvjerenje za voza\u010da B kategorije.<\/h3>\n<h3>Slijedi upis u auto\u0161kolu Sport (Pakrac, Vukovarska 55)&nbsp;gdje sklapate ugovor i dogovarate termin predavanja. Odslu\u0161ajte nastavu i polo\u017eite ispit iz Prometnih i sigurnosnih pravila.<\/h3>\n<h3>Odslu\u0161ajte predavanja iz prve pomo\u0107i i polo\u017eite ispit iz prve pomo\u0107i. Odaberite automobil koji \u017eelite voziti i polo\u017eite ispit iz vo\u017enje.<\/h3>\n<h3>Podignite uvjerenje o polo\u017eenom ispitu, oti\u0111ite u policijsku upravu i podignite svoju voza\u010dku dozvolu.<\/h3>\n","protected":false},"excerpt":{"rendered":"<p>Kako do voza\u010dke dozvole? Za po\u010detak trebate oti\u0107i kod obiteljskog lije\u010dnika koji Vam izdaje potvrdu, zatim u ovla\u0161tenu zdravstvenu ustanovu gdje \u0107ete izvaditi lije\u010dni\u010dko uvjerenje za voza\u010da B kategorije. Slijedi upis u auto\u0161kolu Sport (Pakrac, Vukovarska 55)&nbsp;gdje sklapate ugovor i dogovarate termin predavanja. Odslu\u0161ajte nastavu i polo\u017eite ispit iz Prometnih i sigurnosnih pravila. Odslu\u0161ajte predavanja [&hellip;]<\/p>\n","protected":false},"author":1,"featured_media":0,"parent":0,"menu_order":0,"comment_status":"closed","ping_status":"closed","template":"homepage.php","meta":[],"_links":{"self":[{"href":"https:\/\/autoskolasport.hr\/index.php?rest_route=\/wp\/v2\/pages\/673"}],"collection":[{"href":"https:\/\/autoskolasport.hr\/index.php?rest_route=\/wp\/v2\/pages"}],"about":[{"href":"https:\/\/autoskolasport.hr\/index.php?rest_route=\/wp\/v2\/types\/page"}],"author":[{"embeddable":true,"href":"https:\/\/autoskolasport.hr\/index.php?rest_route=\/wp\/v2\/users\/1"}],"replies":[{"embeddable":true,"href":"https:\/\/autoskolasport.hr\/index.php?rest_route=%2Fwp%2Fv2%2Fcomments&post=673"}],"version-history":[{"count":13,"href":"https:\/\/autoskolasport.hr\/index.php?rest_route=\/wp\/v2\/pages\/673\/revisions"}],"predecessor-version":[{"id":1138,"href":"https:\/\/autoskolasport.hr\/index.php?rest_route=\/wp\/v2\/pages\/673\/revisions\/1138"}],"wp:attachment":[{"href":"https:\/\/autoskolasport.hr\/index.php?rest_route=%2Fwp%2Fv2%2Fmedia&parent=673"}],"curies":[{"name":"wp","href":"https:\/\/api.w.org\/{rel}","templated":true}]}}