{"id":719,"date":"2015-02-21T15:24:58","date_gmt":"2015-02-21T15:24:58","guid":{"rendered":"http:\/\/sport.fotoimago.hr\/?page_id=719"},"modified":"2015-09-23T12:00:10","modified_gmt":"2015-09-23T12:00:10","slug":"o-nama","status":"publish","type":"page","link":"https:\/\/autoskolasport.hr\/?page_id=719","title":{"rendered":"O nama"},"content":{"rendered":"<h1 style=\"text-align: center;\">Dobro do\u0161li na stranicu auto\u0161kole \u201cSport\u201d<\/h1>\n<p>Odlu\u010dili ste upisati auto\u0161kolu te polo\u017eiti voza\u010dki ispit i tako ste\u0107i voza\u010dku dozvolu?<br \/>\nAko je odgovor potvrdan onda ste na pravom mjestu. U dana\u0161nje vrijeme kada svako doma\u0107instvo posjeduje automobil potreba za voza\u010dkom dozvolom je postala standard, a nju mo\u017ee dobiti samo ako uspje\u0161no zavr\u0161ite auto\u0161kolu i polo\u017eite ispit za voza\u010da.<br \/>\n&nbsp;<br \/>\n&nbsp;<\/p>\n<h1 style=\"text-align: center;\">Auto\u0161kola sport vr\u0161i osposobljavanje kandidta od 1991 god.<\/strong><\/h1>\n<p>Od samoga po\u010detaka o\u010dituje se svojom kvalitetom i stru\u010dno\u0161\u0107u.<br \/>\nOsposobljavanje u auto\u0161koli Sport uspje\u0161no zavr\u0161ilo preko tisu\u0107u polaznika, te je upravo\u00a0 taj broj polaznika garancije na\u0161e kvalitete kroz godine rada.<br \/>\nAuto\u0161kola Sport je mjesto gdje \u0107e\u0161 nau\u010diti prometne propise i sigurnosna pravila, pru\u017eiti prvu pomo\u0107 i svladati upravljanje vozilom.<br \/>\n&nbsp;<br \/>\n<strong>Mo\u017eemo se pohvaliti moderno opremljenim prostorom u kojem se poha\u0111a nastava iz Prometnih propisa i pravila, modernim i novim vozilima koji slu\u017ee za obuku voza\u010da B kategorije.<\/strong><br \/>\n&nbsp;<\/p>\n<p><a href=\"http:\/\/autoskolasport.hr\/wp-content\/uploads\/2015\/02\/auto-skola-sport.jpg\"><img loading=\"lazy\" class=\" size-full wp-image-792 aligncenter\" src=\"http:\/\/autoskolasport.hr\/wp-content\/uploads\/2015\/02\/auto-skola-sport.jpg\" alt=\"auto skola sport\" width=\"800\" height=\"572\" \/><\/a><\/p>\n","protected":false},"excerpt":{"rendered":"<p>Dobro do\u0161li na stranicu auto\u0161kole \u201cSport\u201d Odlu\u010dili ste upisati auto\u0161kolu te polo\u017eiti voza\u010dki ispit i tako ste\u0107i voza\u010dku dozvolu? Ako je odgovor potvrdan onda ste na pravom mjestu. U dana\u0161nje vrijeme kada svako doma\u0107instvo posjeduje automobil potreba za voza\u010dkom dozvolom je postala standard, a nju mo\u017ee dobiti samo ako uspje\u0161no zavr\u0161ite auto\u0161kolu i polo\u017eite ispit [&hellip;]<\/p>\n","protected":false},"author":1,"featured_media":792,"parent":0,"menu_order":0,"comment_status":"open","ping_status":"open","template":"","meta":[],"_links":{"self":[{"href":"https:\/\/autoskolasport.hr\/index.php?rest_route=\/wp\/v2\/pages\/719"}],"collection":[{"href":"https:\/\/autoskolasport.hr\/index.php?rest_route=\/wp\/v2\/pages"}],"about":[{"href":"https:\/\/autoskolasport.hr\/index.php?rest_route=\/wp\/v2\/types\/page"}],"author":[{"embeddable":true,"href":"https:\/\/autoskolasport.hr\/index.php?rest_route=\/wp\/v2\/users\/1"}],"replies":[{"embeddable":true,"href":"https:\/\/autoskolasport.hr\/index.php?rest_route=%2Fwp%2Fv2%2Fcomments&post=719"}],"version-history":[{"count":13,"href":"https:\/\/autoskolasport.hr\/index.php?rest_route=\/wp\/v2\/pages\/719\/revisions"}],"predecessor-version":[{"id":803,"href":"https:\/\/autoskolasport.hr\/index.php?rest_route=\/wp\/v2\/pages\/719\/revisions\/803"}],"wp:featuredmedia":[{"embeddable":true,"href":"https:\/\/autoskolasport.hr\/index.php?rest_route=\/wp\/v2\/media\/792"}],"wp:attachment":[{"href":"https:\/\/autoskolasport.hr\/index.php?rest_route=%2Fwp%2Fv2%2Fmedia&parent=719"}],"curies":[{"name":"wp","href":"https:\/\/api.w.org\/{rel}","templated":true}]}}