{"id":806,"date":"2015-08-12T10:22:31","date_gmt":"2015-08-12T10:22:31","guid":{"rendered":"http:\/\/autoskolasport.hr\/?page_id=806"},"modified":"2015-09-23T12:00:09","modified_gmt":"2015-09-23T12:00:09","slug":"cesta-pitanja","status":"publish","type":"page","link":"https:\/\/autoskolasport.hr\/?page_id=806","title":{"rendered":"\u010cesta pitanja"},"content":{"rendered":"<p><span style=\"font-size: medium;\"><b>Kako do voza\u010dke dozvole?<\/b><\/span><\/p>\n<ul>\n<li>Za po\u010detak trebate oti\u0107i u ovla\u0161tenu zdravstvenu ustanovu gdje \u0107ete izvaditi lije\u010dni\u010dko \u00a0uvjerenje za voza\u010da B kategorije.<\/li>\n<li>Slijedi upis u auto\u0161kolu Sport gdje sklapate ugovor i dogovarate termin predavanja.<\/li>\n<li>Odslu\u0161ajte nastavu i polo\u017eite ispit iz Prometnih i sigurnosnih pravila.<\/li>\n<li>Odslu\u0161ajte predavanja iz prve pomo\u0107i i polo\u017eite ispit iz prve pomo\u0107i.<\/li>\n<li>Odaberite automobil koji \u017eelite voziti i polo\u017eite ispit iz vo\u017enje.<\/li>\n<li>Podignite uvjerenje o polo\u017eenom ispitu, oti\u0111ite u policijsku upravu i podignite svoju voza\u010dku.<\/li>\n<\/ul>\n<p>&nbsp;<\/p>\n<p><span style=\"font-size: medium;\"><strong>S koliko godina mogu po\u010deti osposobljavanje za B kategoriju?<\/strong><\/span><\/p>\n<ul>\n<li>S navr\u0161enih 17 godina i 6 mjeseci.<\/li>\n<\/ul>\n<p>&nbsp;<\/p>\n<p><span style=\"font-size: medium;\"><b>\u0160to su A1, A2, A i B kategorija i s koliko godina mogu i\u0107i polagati odre\u0111enu kategoriju?<\/b><\/span><\/p>\n<table border=\"1\">\n<tbody>\n<tr valign=\"TOP\">\n<td width=\"74\"><b>Kategorija<\/b><\/td>\n<td width=\"459\"><b>Vozila koja pripadaju kategoriji<\/b><\/td>\n<td style=\"text-align: right;\" width=\"92\"><b>Minimalna dob (god.)<\/b><\/td>\n<\/tr>\n<tr valign=\"TOP\">\n<td width=\"74\"><b>A1<\/b><\/td>\n<td width=\"459\">motocikli radnog obujma motora do 125 cm i snage motora do 11 kW<\/td>\n<td style=\"text-align: right;\" width=\"92\">16<\/td>\n<\/tr>\n<tr valign=\"TOP\">\n<td width=\"74\"><b>A2<\/b><\/td>\n<td width=\"459\">spadaju motocikli \u010dija snaga ne prelazi 35 kW i \u010diji omjer snaga\/masa ne prelazi 0,2 kW\/kg, a ne potje\u010du od vozila \u010dija je snaga dvostruko ve\u0107a i vi\u0161e<\/td>\n<td style=\"text-align: right;\" width=\"92\">18<\/td>\n<\/tr>\n<tr valign=\"TOP\">\n<td width=\"74\"><b>A<\/b><\/td>\n<td width=\"459\">motocikli sa ili bez bo\u010dne prikolice<\/td>\n<td style=\"text-align: right;\" width=\"92\">20\/24<\/td>\n<\/tr>\n<tr valign=\"TOP\">\n<td width=\"74\"><b>B<\/b><\/td>\n<td width=\"459\">motorna vozila, osim vozila A1, A2, A, F, G i M kategorije \u010dija najve\u0107a dopu\u0161tena masa ne prelazi 3.500 kg i koja su dizajnirana i konstruirana za prijevoz ne vi\u0161e od 8 putnika, ne ra\u010dunaju\u0107i sjedalo za voza\u010da; motorna vozila ove kategorije mogu biti u kombinaciji s priklju\u010dnim vozilom \u010dija najve\u0107a dopu\u0161tena masa ne prelazi 750 kg<\/td>\n<td style=\"text-align: right;\" width=\"92\">18<\/td>\n<\/tr>\n<\/tbody>\n<\/table>\n<p>&nbsp;<\/p>\n<p><span style=\"font-size: medium;\"><strong>Kada su termini predavanja iz B kategorije?<\/strong><\/span><\/p>\n<ul>\n<li>Predavanja se odr\u017eavaju u vremenu kada to na\u0161im polaznicima odgovara, u jutarnjem i ve\u010dernjem terminu.<\/li>\n<\/ul>\n<p>&nbsp;<\/p>\n<p><span style=\"font-size: medium;\"><strong>Koliko iznosi cijena osposobljavanja za voza\u010da\u00a0 B kategorije?<\/strong><\/span><\/p>\n<ul>\n<li>Pogledajte<a href=\"http:\/\/autoskolasport.hr\/cjenik\/\"> cjenik.<\/a><\/li>\n<\/ul>\n<p>&nbsp;<\/p>\n<p><strong><span style=\"font-size: medium;\">Od \u010dega se sastoji osposobljavanje za voza\u010da B kategorije?<\/span><\/strong><\/p>\n<p><strong>Osposobljavanje za voza\u010da sastoji se od tri dijela:<\/strong><\/p>\n<ul>\n<li>Prometna i sigurnosna pravila<\/li>\n<li>Pru\u017eanje prve pomo\u0107i<\/li>\n<li>Upravljanje vozilom<\/li>\n<\/ul>\n<p>&nbsp;<\/p>\n<p><span style=\"font-size: medium;\"><strong>Koje vrste pla\u0107anja nudi auto\u0161kola Sport?<\/strong><\/span><\/p>\n<ul>\n<li>Pogledajte<a href=\"http:\/\/autoskolasport.hr\/cjenik\/\"> cjenik.<\/a><\/li>\n<\/ul>\n<p>&nbsp;<\/p>\n<p><span style=\"font-size: medium;\"><b>\u0160to zna\u010di biti mladi voza\u010d?<\/b><\/span><\/p>\n<ul>\n<li>\nDana 17. lipnja 2008. godine stupio je na snagu novi Zakon o sigurnosti prometa na cestama koji propisuje da je mladi voza\u010d, voza\u010d u dobi od 16 do 24 godine.<\/li>\n<\/ul>\n<p>&nbsp;<\/p>\n<p><span style=\"font-size: medium;\"><b>\u0160to mladi voza\u010d ne smije?<\/b><\/span><\/p>\n<ol>\n<li>ne smije upravljati vozilom na cesti izvan naselja brzinom ve\u0107om od 80 km\/h,<\/li>\n<li>na cesti namijenjenoj isklju\u010divo za promet motornih vozila- brza cesta brzinom ve\u0107om od 100km\/h,<\/li>\n<li>na autocesti brzinom ve\u0107om od 120km\/h,<\/li>\n<li>ne smije imati alkohola u organizmu<\/li>\n<\/ol>\n<p>&nbsp;<\/p>\n<p><span style=\"font-size: medium;\"><strong>Polo\u017eio sam voza\u010dki ispit\u00a0 ali nisam vozio neko vrijeme, odnosno nisam spreman samostalno upravljati vozilom, da li je mogu\u0107e uzeti nekoliko sati kondicijske vo\u017enje?<\/strong><\/span><\/p>\n<ul>\n<li>Naravno, to je jo\u0161 jedna od dodatnih mogu\u0107nosti koju nudimo. Za cijenu sata vo\u017enje\u00a0kontaktirajte nas\u00a0na na\u0161\u00a0<a href=\"mailto:info@autoskolasport.hr\">e-mail<\/a>, posjetite nas na na\u0161oj adresi Vukovarska 55, Pakrac ili nas nazovite na na\u0161e brojeve telefona.<\/li>\n<\/ul>\n","protected":false},"excerpt":{"rendered":"<p>Kako do voza\u010dke dozvole? Za po\u010detak trebate oti\u0107i u ovla\u0161tenu zdravstvenu ustanovu gdje \u0107ete izvaditi lije\u010dni\u010dko \u00a0uvjerenje za voza\u010da B kategorije. Slijedi upis u auto\u0161kolu Sport gdje sklapate ugovor i dogovarate termin predavanja. Odslu\u0161ajte nastavu i polo\u017eite ispit iz Prometnih i sigurnosnih pravila. Odslu\u0161ajte predavanja iz prve pomo\u0107i i polo\u017eite ispit iz prve pomo\u0107i. Odaberite [&hellip;]<\/p>\n","protected":false},"author":1,"featured_media":0,"parent":0,"menu_order":0,"comment_status":"open","ping_status":"open","template":"","meta":[],"_links":{"self":[{"href":"https:\/\/autoskolasport.hr\/index.php?rest_route=\/wp\/v2\/pages\/806"}],"collection":[{"href":"https:\/\/autoskolasport.hr\/index.php?rest_route=\/wp\/v2\/pages"}],"about":[{"href":"https:\/\/autoskolasport.hr\/index.php?rest_route=\/wp\/v2\/types\/page"}],"author":[{"embeddable":true,"href":"https:\/\/autoskolasport.hr\/index.php?rest_route=\/wp\/v2\/users\/1"}],"replies":[{"embeddable":true,"href":"https:\/\/autoskolasport.hr\/index.php?rest_route=%2Fwp%2Fv2%2Fcomments&post=806"}],"version-history":[{"count":31,"href":"https:\/\/autoskolasport.hr\/index.php?rest_route=\/wp\/v2\/pages\/806\/revisions"}],"predecessor-version":[{"id":866,"href":"https:\/\/autoskolasport.hr\/index.php?rest_route=\/wp\/v2\/pages\/806\/revisions\/866"}],"wp:attachment":[{"href":"https:\/\/autoskolasport.hr\/index.php?rest_route=%2Fwp%2Fv2%2Fmedia&parent=806"}],"curies":[{"name":"wp","href":"https:\/\/api.w.org\/{rel}","templated":true}]}}