{"id":924,"date":"2015-10-26T11:14:02","date_gmt":"2015-10-26T11:14:02","guid":{"rendered":"http:\/\/autoskolasport.hr\/?page_id=924"},"modified":"2015-10-26T11:27:34","modified_gmt":"2015-10-26T11:27:34","slug":"prva-pomoc","status":"publish","type":"page","link":"https:\/\/autoskolasport.hr\/?page_id=924","title":{"rendered":"Prva pomo\u0107"},"content":{"rendered":"<p><strong>ISPITNA PITANJA (PO SKUPINAMA) IZ PREDMETA PRVA POMO\u0106\u00a0(NA ISPITU IZVLA\u010cITE LISTI\u0106 SA TRI PITANJA<\/strong><\/p>\n<p><strong>1. SKUPINA PITANJA<\/strong><br \/>\n\u2022 Kako osigurati mjesto prometne nezgode?<\/p>\n<p>\u2022 Poka\u017eite mjesta na kojima se pritiskom prstiju zaustavlja krvarenje!<br \/>\n\u2022 Poka\u017eite pravilan polo\u017eaj za osobu koja krvari iz nosa!<\/p>\n<p><strong>2. SKUPINA PITANJA<\/strong><br \/>\n\u2022 Zna\u010denje i pravila pru\u017eanja prve pomo\u0107i!<br \/>\n\u2022 Zaustavite krvarenje na glavi pritiskom prstiju!<br \/>\n\u2022 Imobilizirajte natkoljenicu!<\/p>\n<p><strong>3. SKUPINA PITANJA<\/strong><br \/>\n\u2022 Gdje i kako obaviti prvi orijentacijski pregled unesre\u0107enog?<br \/>\n\u2022 Zaustavite krvarenje na nadlaktici prisitkom prstiju!<br \/>\n\u2022 Poka\u017eite odgovaraju\u0107i transportni polo\u017eaj kod iskrvarenja!<\/p>\n<p><strong>4. SKUPINA PITANJA<\/strong><br \/>\n\u2022 Nabrojite sadr\u017eaj kutije za prvu pomo\u0107 i njezinu namjenu!<br \/>\n\u2022 Zaustavite krvarenje na podlaktici pritiskom prstiju!<br \/>\n\u2022 Poka\u017eite pravilan transportni polo\u017eaj kod ozljede kralje\u017enice!<\/p>\n<p><strong>5. SKUPINA PITANJA<\/strong><br \/>\n\u2022 Koja su standardna sredstva za pru\u017eanje prve pomo\u0107i!<br \/>\n\u2022 Zaustavite krvarenje na natkoljenici pritiskom prstiju!<br \/>\n\u2022 Poka\u017eite pravilan transportni polo\u017eaj kod ozljede prsnog ko\u0161a!<\/p>\n<p><strong>6. SKUPINA PITANJA<\/strong><br \/>\n\u2022 Nabrojite priru\u010dna sredstva za pru\u017eanje prve pomo\u0107i!<br \/>\n\u2022 Zaustavite krvarenje na potkoljenici pritiskom prstiju!<br \/>\n\u2022 Poka\u017eite pravilan transportni polo\u017eaj kod ozljede trbuha!<\/p>\n<p><strong>7. SKUPINA PITANJA<\/strong><br \/>\n\u2022 Kako postupiti s ozlije\u0111enim osobama u vozilu?<br \/>\n\u2022 Zaustavite krvarenje na potkoljenici kompresivnim zavojem!<br \/>\n\u2022 Poka\u017eite pravilan transportni polo\u017eaj kod besvjesnog stanja!<\/p>\n<p><strong>8. SKUPINA PITANJA<\/strong><br \/>\n\u2022 Navedite redoslijed pru\u017eanja prve pomo\u0107i kod unesre\u0107enog u prometnoj nezgodi!<br \/>\n\u2022 Zaustavite krvarenje na podlaktici kompresivnim zavojem!<br \/>\n\u2022 Imobilizirajte \u0161aku (izaberite sredstvo za imobilizaciju)!<\/p>\n<p><strong>9. SKUPINA PITANJA<\/strong><br \/>\n\u2022 Nabrojite sigurne i nesigurne znakove smrti!<br \/>\n\u2022 Poka\u017eite zaustavljanje krvarenja direktnim pritiskom na ranu!<br \/>\n\u2022 Imobilizirajte potkoljenicu (izaberite sredstvo za imobilizaciju)!<\/p>\n<p><strong>10.SKUPINA PITANJA<\/strong><br \/>\n\u2022 Kako ukloniti odje\u0107u s ozlije\u0111enog dijela tijela?<br \/>\n\u2022 Poka\u017eite kako ustanoviti da li ozlije\u0111eni di\u0161e!<br \/>\n\u2022 Imobilizirajte vratnu kralje\u017enicu!<\/p>\n<p><strong>11.SKUPINA PITANJA<\/strong><br \/>\n\u2022 Kako postupiti s ozlije\u0111enim osobama u naseljenom, a kako izvan naseljenog mjesta?<br \/>\n\u2022 Poka\u017eite umjetno disanje \u201custa na usta\u201d!<br \/>\n\u2022 Imobilizirajte podlakticu (izaberite sredstvo za imobilizaciju)!<\/p>\n<p><strong>12.SKUPINA PITANJA<\/strong><br \/>\n\u2022 Kako prepoznati da je unesre\u0107eni bez svijesti?<br \/>\n\u2022 Imobilizirajte \u0161aku (izaberite sredstvo za imobilizaciju)!<br \/>\n\u2022 Postavite sterilni materijal na ozljedu glave i u\u010dvrstite zavojem ili trokutnom maramom!<\/p>\n<p><strong>13.SKUPINA PITANJA<\/strong><br \/>\n\u2022 Koji su naj\u010de\u0161\u0107i uzroci gubitka svijesti?<br \/>\n\u2022 Zaustavite krvarenje na nadlaktici pomo\u0107u kompresivnog zavoja!<br \/>\n\u2022 Postavite sterilni materijal na ozljedu prsnog ko\u0161a i u\u010dvrstite zavojem!<\/p>\n<p><strong>14.SKUPINA PITANJA<\/strong><br \/>\n\u2022 Koji je naj\u010de\u0161\u0107i uzrok smrti kod onesvije\u0161tenih osoba?<br \/>\n\u2022 Imobilizirajte nadlakticu (izaberite sredstvo za imobilizaciju)!<br \/>\n\u2022 Poka\u017eite kako pru\u017eiti prvu pomo\u0107 kod duboke prodorne rane prsnog ko\u0161a!<\/p>\n<p><strong>15.SKUPINA PITANJA<\/strong><br \/>\n\u2022 Kako prepoznati da se onesvije\u0161tena osoba gu\u0161i?<br \/>\n\u2022 Imobilizirajte gle\u017eanj (izaberite sredstvo za imobilizaciju)!<br \/>\n\u2022 Postavite sterilni materijal na ozljedu trbuha i u\u010dvrstite zavojem!<\/p>\n<p><strong>16.SKUPINA PITANJA<\/strong><br \/>\n\u2022 Zbog \u010dega se naj\u010de\u0161\u0107e gu\u0161i ozlije\u0111eni koji je bez svijesti?<br \/>\n\u2022 Imobilizirajte potkoljenicu (izaberite sredstvo za imobilizaciju)!<br \/>\n\u2022 Postavite sterilni materijal na ozljedu ramena i u\u010dvrstite zavojem ili trokutnom maramom!<\/p>\n<p><strong>17.SKUPINA PITANJA<\/strong><br \/>\n\u2022 Nabrojite mogu\u0107e uzroke gu\u0161enja ozlije\u0111enih osoba!<br \/>\n\u2022 Zaustavite krvarenje na podlaktici kompresivnim zavojem!<br \/>\n\u2022 Postavite sterilni materijal na ozljedu nadlaktice i u\u010dvrstite zavojem ili trokutnom maramom!<\/p>\n<p><strong>18.SKUPINA PITANJA<\/strong><br \/>\n\u2022 Kako pru\u017eiti prvu pomo\u0107 osobi bez svijesti?<br \/>\n\u2022 Imobilizirajte klju\u010dnu kost!<br \/>\n\u2022 Poka\u017eite mjesta na kojima se pritiskom prstiju zaustavlja krvarenje!<\/p>\n<p><strong>19.SKUPINA PITANJA<\/strong><br \/>\n\u2022 Kada onesvije\u0161tenog moramo postaviti u polo\u017eaj na trbuh?<br \/>\n\u2022 Imobilizirajte natkoljenicu (izaberite sredstvo za imobilizaciju)!<br \/>\n\u2022 Zaustavite krvarenje podvezivanjem nadlaktice!<\/p>\n<p><strong>20.SKUPINA PITANJA<\/strong><br \/>\n\u2022 Neodgodiva prva pomo\u0107!<br \/>\n\u2022 Poka\u017eite kako ustanoviti da unesre\u0107eni di\u0161e!<br \/>\n\u2022 Imobilizirajte vratnu kralje\u017enicu!<\/p>\n<p><strong>21.SKUPINA PITANJA<\/strong><br \/>\n\u2022 Koje metode zaustavljanja krvarenja poznajete?<br \/>\n\u2022 Poka\u017eite umjetno disanje \u201custa na usta\u201d!<br \/>\n\u2022 Imobilizirajte kralje\u017enicu!<\/p>\n<p><strong>22.SKUPINA PITANJA<\/strong><br \/>\n\u2022 Prva pomo\u0107 kod vanjskih krvarenja!<br \/>\n\u2022 Poka\u017eite kako kontrolirati uspje\u0161nost izvo\u0111enja umjetnog disanja!<br \/>\n\u2022 Poka\u017eite kako izvla\u010diti unesre\u0107enog iz vozila kod sumnje na ozljedu kralje\u0161nice!<\/p>\n<p><strong>23.SKUPINA PITANJA<\/strong><br \/>\n\u2022 Na kojim dijelovima tijela ne mo\u017ee se kompresivnim zavojem potpuno zaustaviti krvarenje?<br \/>\n\u2022 Poka\u017eite umjetno disanje \u201custa na nos\u201d!<br \/>\n\u2022 Poka\u017eite prijenos unesre\u0107enog kod sumnje na ozljedu kralje\u017enice!<\/p>\n<p><strong>24.SKUPINA PITANJA<\/strong><br \/>\n\u2022 Prepoznavanje i prva pomo\u0107 kod unutra\u0161njeg krvarenja!<br \/>\n\u2022 Poka\u017eite umjetno disanje \u201custa na usta\u201d!<br \/>\n\u2022 Poka\u017eite pravilan polo\u017eaj za osobu koja krvari iz nosa!<\/p>\n<p><strong>25.SKUPINA PITANJA<\/strong><br \/>\n\u2022 Koji su znakovi iskrvarenja i mjere prve pomo\u0107i?<br \/>\n\u2022 Poka\u017eite kako pregledati unesre\u0107enog u prometnoj nezgodi!<br \/>\n\u2022 Poka\u017eite pravilan transportni polo\u017eaj kod ozljede prsnog ko\u0161a!<\/p>\n<p><strong>26.SKUPINA PITANJA<\/strong><br \/>\n\u2022 Kako se zaustavlja krvarenje podvezivanjem udova?<br \/>\n\u2022 Utvrdite da li srce radi!<br \/>\n\u2022 Poka\u017eite odgovaraju\u0107i transportni polo\u017eaj kod iskrvarenja!<\/p>\n<p><strong>27.SKUPINA PITANJA<\/strong><br \/>\n\u2022 Kako postupiti s amputiranim udovima?<br \/>\n\u2022 Poka\u017eite kako ozlije\u0111enog izvu\u0107i iz vozila!<br \/>\n\u2022 Poka\u017eite pravilan transportni polo\u017eaj kod ozljede trbuha!<\/p>\n<p><strong>28.SKUPINA PITANJA<\/strong><br \/>\n\u2022 \u0160to je \u0161ok i kako ga prepoznati?<br \/>\n\u2022 Poka\u017eite kako utvrditi smrt ozlije\u0111enog!<br \/>\n\u2022 Poka\u017eite pravilan transportni polo\u017eaj kod ozljede kralje\u017enice!<\/p>\n<p><strong>29.SKUPINA PITANJA<\/strong><br \/>\n\u2022 Postupak s ozlije\u0111enom osobom u \u0161oku!<br \/>\n\u2022 Poka\u017eite postavljanje u bo\u010dni polo\u017eaj!<br \/>\n\u2022 Imobilizirajte podlakticu (izaberite sredstvo za imobilizaciju)!<\/p>\n<p><strong>30.SKUPINA PITANJA<\/strong><br \/>\n\u2022 Kako prepoznati prestanak disanja?<br \/>\n\u2022 Poka\u017eite kako pregledati unesre\u0107enog u prometnoj nezgodi!<br \/>\n\u2022 Poka\u017eite mjesta na kojima se pritiskom prstiju zaustavlja krvarenje!<\/p>\n<p><strong>31.SKUPINA PITANJA<\/strong><br \/>\n\u2022 \u0160to mo\u017ee prouzro\u010diti prestanak disanja?<br \/>\n\u2022 Utvrdite da li srce radi!<br \/>\n\u2022 Zaustavite krvarenje na glavi pritiskom prstiju!<\/p>\n<p><strong>32.SKUPINA PITANJA<\/strong><br \/>\n\u2022 \u0160to u\u010diniti s ozlije\u0111enim koji ne di\u0161e?<br \/>\n\u2022 Poka\u017eite kako ozlije\u0111enog izvu\u0107i iz vozila!<br \/>\n\u2022 Zaustavite krvarenje na nadlaktici pritiskom prstiju!<\/p>\n<p><strong>33.SKUPINA PITANJA<\/strong><br \/>\n\u2022 Koje metode umjetnog disanja poznajete?<br \/>\n\u2022 Poka\u017eite kako utvrditi smrt ozlije\u0111enog!<br \/>\n\u2022 Zaustavite krvarenje na podlaktici pritiskom prstiju!<\/p>\n<p><strong>34.SKUPINA PITANJA<\/strong><br \/>\n\u2022 Kada primijeniti metodu umjetnog disanja \u201custa na usta\u201d?<br \/>\n\u2022 Poka\u017eite pravilan transportni polo\u017eaj kod ozljede prsnog ko\u0161a!<br \/>\n\u2022 Zaustavite krvarenje na natkoljenici pritiskom prstiju!<\/p>\n<p><strong>35.SKUPINA PITANJA<\/strong><br \/>\n\u2022 Primijenite metodu umjetnog disanja \u201custa na usta\u201d!<br \/>\n\u2022 Poka\u017eite pravilan transportni polo\u017eaj kod ozljede trbuha!<br \/>\n\u2022 Zaustavite krvarenje na potkoljenici pritiskom prstiju!<\/p>\n<p><strong>36.SKUPINA PITANJA<\/strong><br \/>\n\u2022 \u0160to su rane i kako mogu nastati?<br \/>\n\u2022 Poka\u017eite postavljenje u bo\u010dni polo\u017eaj!<br \/>\n\u2022 Imobilizirajte \u0161aku (izaberite sredstvo za imobilizaciju)!<\/p>\n<p><strong>37.SKUPINA PITANJA<\/strong><br \/>\n\u2022 Koje su mogu\u0107e opasnosti u svezi s ranom?<br \/>\n\u2022 Poka\u017eite kako osloboditi di\u0161ne puteve onesvije\u0161tene osobe!<br \/>\n\u2022 Imobilizirajte podlakticu (izaberite sredstvo za imobilizaciju)!<\/p>\n<p><strong>38.SKUPINA PITANJA<\/strong><br \/>\n\u2022 Kako postupati s ranom?<br \/>\n\u2022 Poka\u017eite mjesta na kojima se pritiskom prstiju zaustavlja krvarenje!<br \/>\n\u2022 Imobilizirajte potkoljenicu (izaberite sredstvo za imobilizaciju)!<\/p>\n<p><strong>39.SKUPINA PITANJA<\/strong><br \/>\n\u2022 \u0160to se ne smije u\u010diniti s ranom?<br \/>\n\u2022 Zaustavite krvarenje na nadlaktici pritiskom prstiju!<br \/>\n\u2022 Imobilizirajte klju\u010dnu kost!<\/p>\n<p><strong>40.SKUPINA PITANJA<\/strong><br \/>\n\u2022 Kako postupiti s opeklinom neposredno nakon djelovanja topline?<br \/>\n\u2022 Zaustavite krvarenje na natkoljenici pritiskom prstiju!<br \/>\n\u2022 Poka\u017eite imobilizaciju zdjeli\u010dnih kosti!<\/p>\n<p><strong>41.SKUPINA PITANJA<\/strong><br \/>\n\u2022 \u0160to je cilj prve pomo\u0107i kod opeklina?<br \/>\n\u2022 Zaustavite krvarenje na nadlaktici kompresivnim zavojem!<br \/>\n\u2022 Imobilizirajte vratnu kralje\u017enicu!<\/p>\n<p><strong>42.SKUPINA PITANJA<\/strong><br \/>\n\u2022 Kako postupiti s ozljedom uzrokovanom djelovanjem sumporne kiseline?<br \/>\n\u2022 Zaustavite krvarenje na podlaktici kompresivnim zavojem!<br \/>\n\u2022 Poka\u017eite imobilizaciju kralje\u017enice!<\/p>\n<p><strong>43.SKUPINA PITANJA<\/strong><br \/>\n\u2022 Kada se i za\u0161to izvodi imobilizacija?<br \/>\n\u2022 Poka\u017eite kako ustanoviti da li unesre\u0107eni di\u0161e!<br \/>\n\u2022 Poka\u017eite pravilan polo\u017eaj za osobu koja krvari iz nosa!<\/p>\n<p><strong>44.SKUPINA PITANJA<\/strong><br \/>\n\u2022 Koji su sigurni, a koji nesigurni znakovi prijeloma?<br \/>\n\u2022 Poka\u017eite umjetno disanje \u201custa na usta\u201d!<br \/>\n\u2022 Zaustavite krvarenje na podlaktici kompresivnim zavojem!<\/p>\n<p><strong>45.SKUPINA PITANJA<\/strong><br \/>\n\u2022 Kako prepoznati i\u0161\u010da\u0161enje zgloba?<br \/>\n\u2022 Poka\u017eite kako kontrolirati uspje\u0161nost izvo\u0111enja umjetnog disanja!<br \/>\n\u2022 Poka\u017eite odgovaraju\u0107i transportni polo\u017eaj kod iskrvarenja!<\/p>\n<p><strong>46.SKUPINA PITANJA<\/strong><br \/>\n\u2022 Koja su pravila pru\u017eanja prve pomo\u0107i kod prijeloma?<br \/>\n\u2022 Poka\u017eite umjetno disanje \u201custa na nos\u201d!<br \/>\n\u2022 Poka\u017eite pravilan transportni polo\u017eaj kod ozljede kralje\u017enice!<\/p>\n<p><strong>47.SKUPINA PITANJA<\/strong><br \/>\n\u2022 Koji je postupak pru\u017eanja prve pomo\u0107i kod otvorenog prijeloma?<br \/>\n\u2022 Poka\u017eite kako se izvodi umjetno disanje \u201custa na usta\u201d!<br \/>\n\u2022 Zaustavite krvarenje na podlaktici pritiskom prstiju!<\/p>\n<p><strong>48.SKUPINA PITANJA<\/strong><br \/>\n\u2022 Koja sredstva za imobilizaciju poznajete?<br \/>\n\u2022 Poka\u017eite kako pregledati ozlije\u0111enog u prometnoj nezgodi!<br \/>\n\u2022 Poka\u017eite pravilan transportni polo\u017eaj kod ozljede prsnog ko\u0161a!<\/p>\n<p><strong>49.SKUPINA PITANJA<\/strong><br \/>\n\u2022 Kako izvr\u0161iti pregled unesre\u0107enog sa sumnjom na ozljedu kralje\u0161nice?<br \/>\n\u2022 Utvrdite da li srce radi!<br \/>\n\u2022 Poka\u017eite zaustavljanje krvarenja direktnim pritiskom na ranu!<\/p>\n<p><strong>50.SKUPINA PITANJA<\/strong><br \/>\n\u2022 Navedite va\u017enost pru\u017eanja prve pomo\u0107i kod sumnje na ozljedu kralje\u017enice!<br \/>\n\u2022 Poka\u017eite kako \u0107ete utvrditi smrt ozlije\u0111enog!<br \/>\n\u2022 Postavite sterilni materijal na ozljedu podlaktice i u\u010dvrstite zavojem ili trokutnom maramom!<\/p>\n<p><strong>51.SKUPINA PITANJA<\/strong><br \/>\n\u2022 Kada posumnjati na ozljedu kralje\u017enice?<br \/>\n\u2022 Poka\u017eite kako ozlije\u0111enog izvu\u0107i iz vozila!<br \/>\n\u2022 Postavite sterilni materijal na ozljedu \u0161ake i u\u010dvrstite zavojem ili trokutnom maramom!<\/p>\n<p><strong>52.SKUPINA PITANJA<\/strong><br \/>\n\u2022 Kada posumnjati na ozljedu zdjelice?<br \/>\n\u2022 Zaustavite krvarenje na nadlaktici kompresivnim zavojem!<br \/>\n\u2022 Poka\u017eite kako pru\u017eiti prvu pomo\u0107 kod duboke prodorne rane prsnog ko\u0161a!<\/p>\n<p><strong>53.SKUPINA PITANJA<\/strong><br \/>\n\u2022 Koje vrste vozila su najprikladnije za transport unesre\u0107enih osoba?<br \/>\n\u2022 Zaustavite krvarenje na podlaktici kompresivnim zavojem!<br \/>\n\u2022 Postavite sterilni materijal na ozljedu kuka i u\u010dvrstite zavojem ili trokutnom maramom!<\/p>\n<p><strong>54.SKUPINA PITANJA<\/strong><br \/>\n\u2022 Koja vozila nisu prikladna za transport ozlije\u0111enih osoba i za\u0161to?<br \/>\n\u2022 Poka\u017eite zaustavljanje krvarenja direktnim pritiskom na ranu!<br \/>\n\u2022 Postavite sterilni materijal na natkoljenice i u\u010dvrstite zavojem ili trokutnom maramom!<\/p>\n<p><strong>55.SKUPINA PITANJA<\/strong><br \/>\n\u2022 Kada koristiti osobno vozilo za transport unesre\u0107enih osoba?<br \/>\n\u2022 Zaustavite krvarenje podvezivanjem nadlaktice!<br \/>\n\u2022 Postavite sterilni materijal na ozljedu koljena i u\u010dvrstite zavojem ili trokutnom maramom!<\/p>\n<p><strong>56.SKUPINA PITANJA<\/strong><br \/>\n\u2022 Na koji na\u010din se prevoze i kakav mora biti postupak s unesre\u0107enim osobama u toku transporta?<br \/>\n\u2022 Poka\u017eite mjesta na kojima se pritiskom prstiju zaustavlja krvarenje!<br \/>\n\u2022 Postavite sterilni materijal na ozljedu potkoljenice i u\u010dvrstite zavojem ili trokutnom maramom!<\/p>\n<p><strong>57.SKUPINA PITANJA<\/strong><br \/>\n\u2022 U koji polo\u017eaj se postavlja ozlije\u0111eni kod unutarnjeg krvarenja?<br \/>\n\u2022 Zaustavite krvarenje na podlaktici pritiskom prstiju!<br \/>\n\u2022 Postavite sterilni materijal na ozljedu stopala i u\u010dvrstite zavojem ili trokutnom maramom!<\/p>\n<p><strong>58.SKUPINA PITANJA<\/strong><br \/>\n\u2022 \u0160to je autotransfuzijski polo\u017eaj?<br \/>\n\u2022 Poka\u017eite postavljanje u bo\u010dni polo\u017eaj!<br \/>\n\u2022 Imobilizirajte podlakticu (izaberite sredstvo za imobilizaciju)!<\/p>\n<p><strong>59.SKUPINA PITANJA<\/strong><br \/>\n\u2022 Kada se ozlije\u0111ena osoba postavlja u autotransfuzijski polo\u017eaj?<br \/>\n\u2022 Poka\u017eite kako osloboditi di\u0161ne putove kod onesvije\u0161tene osobe!<br \/>\n\u2022 Imobilizirajte potkoljenicu (izaberite sredstvo za imobilizaciju)!<\/p>\n<p><strong>60.SKUPINA PITANJA<\/strong><br \/>\n\u2022 Kada se ozlije\u0111ena osoba ne smije postaviti u autotransfuzijski polo\u017eaj?<br \/>\n\u2022 Poka\u017eite umjetno disanje \u201custa na usta\u201d!<br \/>\n\u2022 Imobilizirajte klju\u010dnu kost!<\/p>\n<p><strong>61.SKUPINA PITANJA<\/strong><br \/>\n\u2022 \u0160to je prividna smrt i o\u017eivljavanje?<br \/>\n\u2022 Poka\u017eite kako se skida za\u0161titna kaciga!<br \/>\n\u2022 Izvedite vanjsku masa\u017eu srca!<\/p>\n<p><strong>62.SKUPINA PITANJA<\/strong><br \/>\n\u2022 Kad se prestaje s o\u017eivljavanjem?<br \/>\n\u2022 Poka\u017eite kako se vr\u0161i o\u017eivljavanje!<br \/>\n\u2022 Poka\u017eite kako se skida za\u0161titna kaciga!<\/p>\n<p><strong>63.SKUPINA PITANJA<\/strong><br \/>\n\u2022 Otrovanje alkoholom?<br \/>\n\u2022 Izvedite vanjsku masa\u017eu srca!<br \/>\n\u2022 Poka\u017eite kako se vr\u0161i o\u017eivljavanje!<\/p>\n<p><strong>64.SKUPINA PITANJA<\/strong><\/p>\n<p>\u2022 Otrovanje ispu\u0161nim plinovima?<br \/>\n\u2022 Poka\u017eite kako se skida za\u0161titna kaciga!<br \/>\n\u2022 Izvedite vanjsku masa\u017eu srca!<\/p>\n<p><strong>65.SKUPINA PITANJA<\/strong><\/p>\n<p>\u2022 Otrovanje antifrizom?<br \/>\n\u2022 Poka\u017eite kako se vr\u0161i o\u017eivljavanje!<br \/>\n\u2022 Poka\u017eite kako se skida za\u0161titna kaciga!<\/p>\n<p><strong>66.SKUPINA PITANJA<\/strong><\/p>\n<p>\u2022 \u0160to je to automobilska bolest?<br \/>\n\u2022 Izvedite vanjsku masa\u017eu srca!<br \/>\n\u2022 Poka\u017eite kako se vr\u0161i o\u017eivljavanje<\/p>\n<p><a href=\"http:\/\/autoskolasport.hr\/wp-content\/uploads\/2015\/10\/uz-prvu-pomoc.jpg\"><img loading=\"lazy\" class=\" size-full wp-image-931 aligncenter\" src=\"http:\/\/autoskolasport.hr\/wp-content\/uploads\/2015\/10\/uz-prvu-pomoc.jpg\" alt=\"uz-prvu-pomoc\" width=\"504\" height=\"335\" \/><\/a><\/p>\n","protected":false},"excerpt":{"rendered":"<p>ISPITNA PITANJA (PO SKUPINAMA) IZ PREDMETA PRVA POMO\u0106\u00a0(NA ISPITU IZVLA\u010cITE LISTI\u0106 SA TRI PITANJA 1. SKUPINA PITANJA \u2022 Kako osigurati mjesto prometne nezgode? \u2022 Poka\u017eite mjesta na kojima se pritiskom prstiju zaustavlja krvarenje! \u2022 Poka\u017eite pravilan polo\u017eaj za osobu koja krvari iz nosa! 2. SKUPINA PITANJA \u2022 Zna\u010denje i pravila pru\u017eanja prve pomo\u0107i! \u2022 Zaustavite [&hellip;]<\/p>\n","protected":false},"author":1,"featured_media":931,"parent":0,"menu_order":0,"comment_status":"open","ping_status":"open","template":"","meta":[],"_links":{"self":[{"href":"https:\/\/autoskolasport.hr\/index.php?rest_route=\/wp\/v2\/pages\/924"}],"collection":[{"href":"https:\/\/autoskolasport.hr\/index.php?rest_route=\/wp\/v2\/pages"}],"about":[{"href":"https:\/\/autoskolasport.hr\/index.php?rest_route=\/wp\/v2\/types\/page"}],"author":[{"embeddable":true,"href":"https:\/\/autoskolasport.hr\/index.php?rest_route=\/wp\/v2\/users\/1"}],"replies":[{"embeddable":true,"href":"https:\/\/autoskolasport.hr\/index.php?rest_route=%2Fwp%2Fv2%2Fcomments&post=924"}],"version-history":[{"count":4,"href":"https:\/\/autoskolasport.hr\/index.php?rest_route=\/wp\/v2\/pages\/924\/revisions"}],"predecessor-version":[{"id":932,"href":"https:\/\/autoskolasport.hr\/index.php?rest_route=\/wp\/v2\/pages\/924\/revisions\/932"}],"wp:featuredmedia":[{"embeddable":true,"href":"https:\/\/autoskolasport.hr\/index.php?rest_route=\/wp\/v2\/media\/931"}],"wp:attachment":[{"href":"https:\/\/autoskolasport.hr\/index.php?rest_route=%2Fwp%2Fv2%2Fmedia&parent=924"}],"curies":[{"name":"wp","href":"https:\/\/api.w.org\/{rel}","templated":true}]}}